{"id":1490,"date":"2018-09-24T09:37:29","date_gmt":"2018-09-24T09:37:29","guid":{"rendered":"https:\/\/www.mielmoncabrer.com\/?post_type=product&#038;p=1490"},"modified":"2025-04-25T07:38:20","modified_gmt":"2025-04-25T07:38:20","slug":"miel-de-eucalipto-400-gr","status":"publish","type":"product","link":"https:\/\/www.mielmoncabrer.com\/fr\/producto\/miel-de-eucalipto-400-gr\/","title":{"rendered":"Miel de Eucalipto 400 gr."},"content":{"rendered":"<p>El color de esta variedad de miel var\u00eda del \u00e1mbar claro al \u00e1mbar oscuro. Adem\u00e1s su aroma a madera mojada es intenso y extraordinariamente persistente. El gusto dulce de esta miel va acompa\u00f1ado de ligeras notas \u00e1cidas y saladas que aumentan en el retronasal.<\/p>\n<p>Esta miel es id\u00f3nea como edulcorante natural para l\u00e1cteos como la leche o los yogures.<\/p>\n<p>La Miel de Eucalipto Delimiel es una miel 100% nacional cosechada durante el verano en el sur oeste, sureste y norte de la Pen\u00ednsula.<\/p>\n","protected":false},"excerpt":{"rendered":"<p>Miel id\u00f3nea como edulcorante natural para l\u00e1cteos como la leche o los yogures.<\/p>\n<p>Si adquieres el <a href=\"\/producto\/miel-de-eucalipto-400-gr-6-u\">pack<\/a> de 6 unidades, la unidad sale a 2,95\u20ac<\/p>\n","protected":false},"featured_media":1164,"template":"","meta":[],"product_cat":[15,21],"product_tag":[],"class_list":{"0":"post-1490","1":"product","2":"type-product","3":"status-publish","4":"has-post-thumbnail","6":"product_cat-miel-atemperada-delimiel","7":"product_cat-bosques-ibericos","9":"first","10":"outofstock","11":"taxable","12":"shipping-taxable","13":"purchasable","14":"product-type-simple"},"_links":{"self":[{"href":"https:\/\/www.mielmoncabrer.com\/fr\/wp-json\/wp\/v2\/product\/1490","targetHints":{"allow":["GET"]}}],"collection":[{"href":"https:\/\/www.mielmoncabrer.com\/fr\/wp-json\/wp\/v2\/product"}],"about":[{"href":"https:\/\/www.mielmoncabrer.com\/fr\/wp-json\/wp\/v2\/types\/product"}],"wp:featuredmedia":[{"embeddable":true,"href":"https:\/\/www.mielmoncabrer.com\/fr\/wp-json\/wp\/v2\/media\/1164"}],"wp:attachment":[{"href":"https:\/\/www.mielmoncabrer.com\/fr\/wp-json\/wp\/v2\/media?parent=1490"}],"wp:term":[{"taxonomy":"product_cat","embeddable":true,"href":"https:\/\/www.mielmoncabrer.com\/fr\/wp-json\/wp\/v2\/product_cat?post=1490"},{"taxonomy":"product_tag","embeddable":true,"href":"https:\/\/www.mielmoncabrer.com\/fr\/wp-json\/wp\/v2\/product_tag?post=1490"}],"curies":[{"name":"wp","href":"https:\/\/api.w.org\/{rel}","templated":true}]}}