{"id":1482,"date":"2018-09-24T09:29:14","date_gmt":"2018-09-24T09:29:14","guid":{"rendered":"https:\/\/www.mielmoncabrer.com\/?post_type=product&#038;p=1482"},"modified":"2024-10-31T12:25:14","modified_gmt":"2024-10-31T12:25:14","slug":"miel-de-bosque-caja-400-gr-6-u","status":"publish","type":"product","link":"https:\/\/www.mielmoncabrer.com\/fr\/producto\/miel-de-bosque-caja-400-gr-6-u\/","title":{"rendered":"Miel de Bosque 400 gr.<br\/>Caja de 6 uds."},"content":{"rendered":"<p>La miel de bosque tiene un caracter\u00edstico color que puede ir del \u00e1mbar al \u00e1mbar oscuro y un indudable aroma floral con un claro componente malteado intenso y persistente. Las sensaciones en boca de esta variedad de mieles son dulces con claras notas saladas, aumentando en el retronasal la intensidad y persistencia del malteado.<\/p>\n<p>Adem\u00e1s de ser una miel ideal para carnes, siempre y cuando la a\u00f1adamos en los \u00faltimos minutos para que no pierda sus propiedades arom\u00e1ticas y gustativas como consecuencia del calor, esta miel combina tambi\u00e9n con frutos secos tostados.<\/p>\n<p>La Miel de Bosque Delimiel es una miel 100% nacional cosechada durante el final del verano.<\/p>\n","protected":false},"excerpt":{"rendered":"<p>Acompa\u00f1ante ideal para carnes blancas y frutos secos tostados.<\/p>\n<p>La unidad sale a 3,65 \u20ac<\/p>\n","protected":false},"featured_media":1128,"template":"","meta":[],"product_cat":[15,21],"product_tag":[],"class_list":{"0":"post-1482","1":"product","2":"type-product","3":"status-publish","4":"has-post-thumbnail","6":"product_cat-miel-atemperada-delimiel","7":"product_cat-bosques-ibericos","9":"first","10":"outofstock","11":"taxable","12":"shipping-taxable","13":"purchasable","14":"product-type-simple"},"_links":{"self":[{"href":"https:\/\/www.mielmoncabrer.com\/fr\/wp-json\/wp\/v2\/product\/1482","targetHints":{"allow":["GET"]}}],"collection":[{"href":"https:\/\/www.mielmoncabrer.com\/fr\/wp-json\/wp\/v2\/product"}],"about":[{"href":"https:\/\/www.mielmoncabrer.com\/fr\/wp-json\/wp\/v2\/types\/product"}],"wp:featuredmedia":[{"embeddable":true,"href":"https:\/\/www.mielmoncabrer.com\/fr\/wp-json\/wp\/v2\/media\/1128"}],"wp:attachment":[{"href":"https:\/\/www.mielmoncabrer.com\/fr\/wp-json\/wp\/v2\/media?parent=1482"}],"wp:term":[{"taxonomy":"product_cat","embeddable":true,"href":"https:\/\/www.mielmoncabrer.com\/fr\/wp-json\/wp\/v2\/product_cat?post=1482"},{"taxonomy":"product_tag","embeddable":true,"href":"https:\/\/www.mielmoncabrer.com\/fr\/wp-json\/wp\/v2\/product_tag?post=1482"}],"curies":[{"name":"wp","href":"https:\/\/api.w.org\/{rel}","templated":true}]}}