{"id":1472,"date":"2018-09-24T09:07:54","date_gmt":"2018-09-24T09:07:54","guid":{"rendered":"https:\/\/www.mielmoncabrer.com\/?post_type=product&#038;p=1472"},"modified":"2025-02-21T11:17:48","modified_gmt":"2025-02-21T11:17:48","slug":"miel-cruda-de-azahar-500-gr-5-u","status":"publish","type":"product","link":"https:\/\/www.mielmoncabrer.com\/fr\/producto\/miel-cruda-de-azahar-500-gr-5-u\/","title":{"rendered":"Miel Cruda de Azahar 500 gr.<br\/>Caja de 6 uds."},"content":{"rendered":"<p>Nuestras mieles crudas son un producto natural elaborado de forma artesanal desde que la abeja transporta el n\u00e9ctar de la flor a su colmena y el apicultor la cosecha, hasta su envasado y etiquetado final, evitando proceso alguno de calor que pueda provocar la p\u00e9rdida de sus propiedades arom\u00e1ticas y gustativas, convirti\u00e9ndola en una miel de cremosa textura que satisfar\u00e1 los paladares m\u00e1s exigentes.<\/p>\n<p>El resultado es una miel de cuidada selecci\u00f3n, envasada en un elegante y discreto envase hexagonal que nso recuerda a las celdas de los panales de las abejas.<\/p>\n<p>La miel cruda de azahar suele tener un color blanquecino, de tonalidad pajiza cuando todav\u00eda no ha cristalizado.<\/p>\n<p>Sutil y floral, el aroma de la miel de azahar nos aporta un agradable y ligero dulzor matizado por una suave acidez.<\/p>\n<p>La suavidad de esta miel la convierte en acompa\u00f1ante ideal para carnes blancas, quesos frescos, infusiones, yogures, aderezo para ensaladas, tartas o helados.<\/p>\n<p>La Miel Cruda Moncabrer de Azahar, es una miel 100% nacional cosechada durante la primavera, en el sur, suroeste y sudeste de la Pen\u00ednsula.<\/p>\n","protected":false},"excerpt":{"rendered":"<p>La unidad sale a 4,55\u20ac<\/p>\n","protected":false},"featured_media":1134,"template":"","meta":[],"product_cat":[22],"product_tag":[],"class_list":{"0":"post-1472","1":"product","2":"type-product","3":"status-publish","4":"has-post-thumbnail","6":"product_cat-miel-cruda-moncabrer","8":"first","9":"outofstock","10":"featured","11":"taxable","12":"shipping-taxable","13":"purchasable","14":"product-type-simple"},"_links":{"self":[{"href":"https:\/\/www.mielmoncabrer.com\/fr\/wp-json\/wp\/v2\/product\/1472","targetHints":{"allow":["GET"]}}],"collection":[{"href":"https:\/\/www.mielmoncabrer.com\/fr\/wp-json\/wp\/v2\/product"}],"about":[{"href":"https:\/\/www.mielmoncabrer.com\/fr\/wp-json\/wp\/v2\/types\/product"}],"wp:featuredmedia":[{"embeddable":true,"href":"https:\/\/www.mielmoncabrer.com\/fr\/wp-json\/wp\/v2\/media\/1134"}],"wp:attachment":[{"href":"https:\/\/www.mielmoncabrer.com\/fr\/wp-json\/wp\/v2\/media?parent=1472"}],"wp:term":[{"taxonomy":"product_cat","embeddable":true,"href":"https:\/\/www.mielmoncabrer.com\/fr\/wp-json\/wp\/v2\/product_cat?post=1472"},{"taxonomy":"product_tag","embeddable":true,"href":"https:\/\/www.mielmoncabrer.com\/fr\/wp-json\/wp\/v2\/product_tag?post=1472"}],"curies":[{"name":"wp","href":"https:\/\/api.w.org\/{rel}","templated":true}]}}