{"id":2447,"date":"2022-10-06T12:46:10","date_gmt":"2022-10-06T12:46:10","guid":{"rendered":"https:\/\/www.mielmoncabrer.com\/?page_id=2447"},"modified":"2022-10-06T12:46:10","modified_gmt":"2022-10-06T12:46:10","slug":"nuestras-marcas","status":"publish","type":"page","link":"https:\/\/www.mielmoncabrer.com\/fr\/nuestras-marcas\/","title":{"rendered":"Nuestras Marcas"},"content":{"rendered":"<div class=\"wpb-content-wrapper\"><p>[vc_row type=&#8221;1&#8243; style=&#8221;regular&#8221; align=&#8221;center&#8221; font_size=&#8221;&#8221; font_weight=&#8221;inherit&#8221; color=&#8221;&#8221; icon=&#8221;inherit&#8221; image=&#8221;none&#8221; picture=&#8221;&#8221; image_size=&#8221;small&#8221; position=&#8221;left&#8221; id=&#8221;&#8221; class=&#8221;&#8221; animation=&#8221;none&#8221; top=&#8221;inherit&#8221; bottom=&#8221;inherit&#8221; left=&#8221;inherit&#8221; right=&#8221;inherit&#8221;][vc_column]<h1 class=\"sc_title sc_title_regular sc_align_center\" style=\"text-align:center;\"><\/p>\n<h1 style=\"text-align: center;\">Nos marques<\/h1>\n<p><\/h1>[\/vc_column][\/vc_row][vc_row][vc_column][vc_column_text]<\/p>\n<h3 style=\"text-align: center;\">Marque avec valeur ajout\u00e9e<\/h3>\n<p>Le miel est consid\u00e9r\u00e9 comme le plus ancien \u00e9dulcorant naturel de notre civilisation, et a \u00e9t\u00e9 le plus important d&#8217;Europe jusqu&#8217;au XVIe si\u00e8cle. Dans la Gr\u00e8ce et l&#8217;\u00c9gypte antiques, le miel \u00e9tait consid\u00e9r\u00e9 comme un mets d\u00e9licat que seuls quelques privil\u00e9gi\u00e9s pouvaient appr\u00e9cier.<\/p>\n<p>Conform\u00e9ment \u00e0 la r\u00e9glementation,<strong> le miel de Moncabrer ne contient aucun additif ou substance chimique ajout\u00e9 lors du processus d&#8217;extraction et de conditionnement.<\/strong><\/p>\n<p>Au fil du temps et de l&#8217;exp\u00e9rience, l&#8217;amour, la passion et le d\u00e9fi de produire un miel exquis ont permis \u00e0 <strong>MIEL MONCABRER<\/strong> de disposer d&#8217;une gamme unique et impeccable d&#8217;une grande vari\u00e9t\u00e9 de miels.[\/vc_column_text][vc_single_image image=&#8221;1820&#8243; img_size=&#8221;full&#8221; alignment=&#8221;center&#8221;][vc_column_text]<\/p>\n<h2 style=\"text-align: center;\">Delimiel<\/h2>\n<p><strong>Delimiel Premium<\/strong> fait partie de nos gammes qui se distinguent par leur finesse et leur saveur gourmande.<\/p>\n<p>On retrouvera<strong> trois vari\u00e9t\u00e9s dans les miels Delimiel <em>Premium<\/em>.<\/strong> Tout d&#8217;abord, le miel de fleur d&#8217;oranger issu du nectar des fleurs d&#8217;oranger et de citronnier, avec sa texture \u00e9paisse caract\u00e9ristique qui le fait cristalliser rapidement dans le flacon qui le contient. La saveur de ce miel est d\u00e9licate, avec une odeur caract\u00e9ristique de fleur d&#8217;oranger.<\/p>\n<p>D&#8217;autre part, le <strong>miel de montagne<\/strong> fait \u00e9galement partie de notre gamme gourmande. Les fleurs de montagne sont charg\u00e9es de lui donner cette couleur ambr\u00e9e d&#8217;une teinte sombre, ainsi qu&#8217;un ar\u00f4me intense et persistant et un go\u00fbt sucr\u00e9 nuanc\u00e9 par des notes sal\u00e9es.<\/p>\n<p>Enfin, le <strong>miel de romarin<\/strong> \u00e0 la texture cr\u00e9meuse, pr\u00eat pour les palais les plus exigeants. C&#8217;est un miel 100% naturel, produit par les abeilles \u00e0 partir du nectar qu&#8217;elles extraient des <strong>fleurs de romarin<\/strong>, un arbuste <strong>tr\u00e8s aromatique<\/strong>. Le miel de romarin <strong>Delimiel<\/strong> est de couleur tr\u00e8s claire, avec un ar\u00f4me doux et d\u00e9licat, et une saveur sucr\u00e9e caract\u00e9ristique qui le diff\u00e9rencie des autres miels. Chez <strong>Miel Moncabrer<\/strong>, nous r\u00e9coltons le miel de romarin lors de la premi\u00e8re saison pr\u00e9coce, dans le sud, le sud-ouest et le sud-est de la Presqu&#8217;\u00eele.<\/p>\n<p>A noter que, comme le reste de nos miels, Delimiel <em><strong>Premium<\/strong> <\/em>est un miel 100% r\u00e9colt\u00e9 en Espagne.[\/vc_column_text][vc_single_image image=&#8221;1823&#8243; img_size=&#8221;full&#8221; alignment=&#8221;center&#8221;][vc_column_text]<\/p>\n<h2 style=\"text-align: center;\">Miel Moncabrer<\/h2>\n<p><strong>Miel Moncabrer\u00a0<\/strong>vous propose l&#8217;un des meilleurs miels crus du march\u00e9, et c&#8217;est que nous nous occupons d&#8217;\u00e9liminer les \u00e9ventuelles impuret\u00e9s du nid d&#8217;abeille en le reposant, sans ne le chauffer ni le pasteuriser, ce qui signifie que le miel conserve toutes ses propri\u00e9t\u00e9s et sa saveur originale selon son origine de la fleur<\/p>\n<p>La douceur et la puret\u00e9 du miel brut <strong>Miel Moncabrer<\/strong> se caract\u00e9risent par la fabrication artisanale depuis le transport par l&#8217;abeille du nectar de la fleur, jusqu&#8217;au conditionnement et \u00e0 l&#8217;\u00e9tiquetage final, en \u00e9vitant \u00e0 tout prix tout processus thermique qui entra\u00eene la perte de ses propri\u00e9t\u00e9s aromatiques.<\/p>\n<p>Tous les types de miel (fleur d&#8217;oranger, lavande, romarin ou thym) varient en couleur, saveur et texture, mais en conservant toujours <strong>la qualit\u00e9 et la fra\u00eecheur du miel non transform\u00e9.<\/strong>[\/vc_column_text][\/vc_column][\/vc_row]<\/p>\n<\/div>","protected":false},"excerpt":{"rendered":"<p>[vc_row type=&#8221;1&#8243; style=&#8221;regular&#8221; align=&#8221;center&#8221; font_size=&#8221;&#8221; font_weight=&#8221;inherit&#8221; color=&#8221;&#8221; icon=&#8221;inherit&#8221; image=&#8221;none&#8221; picture=&#8221;&#8221; image_size=&#8221;small&#8221; position=&#8221;left&#8221; id=&#8221;&#8221; class=&#8221;&#8221; animation=&#8221;none&#8221; top=&#8221;inherit&#8221; bottom=&#8221;inherit&#8221; left=&#8221;inherit&#8221; right=&#8221;inherit&#8221;][vc_column][\/vc_column][\/vc_row][vc_row][vc_column][vc_column_text] Marque avec valeur ajout\u00e9e Le miel est consid\u00e9r\u00e9 comme le plus ancien \u00e9dulcorant naturel de notre civilisation, et a \u00e9t\u00e9 le plus important d&#8217;Europe jusqu&#8217;au XVIe si\u00e8cle. Dans la Gr\u00e8ce et l&#8217;\u00c9gypte antiques, le miel \u00e9tait [&hellip;]<\/p>\n","protected":false},"author":1,"featured_media":0,"parent":0,"menu_order":0,"comment_status":"closed","ping_status":"closed","template":"","meta":{"footnotes":""},"class_list":["post-2447","page","type-page","status-publish","hentry"],"_links":{"self":[{"href":"https:\/\/www.mielmoncabrer.com\/fr\/wp-json\/wp\/v2\/pages\/2447","targetHints":{"allow":["GET"]}}],"collection":[{"href":"https:\/\/www.mielmoncabrer.com\/fr\/wp-json\/wp\/v2\/pages"}],"about":[{"href":"https:\/\/www.mielmoncabrer.com\/fr\/wp-json\/wp\/v2\/types\/page"}],"author":[{"embeddable":true,"href":"https:\/\/www.mielmoncabrer.com\/fr\/wp-json\/wp\/v2\/users\/1"}],"replies":[{"embeddable":true,"href":"https:\/\/www.mielmoncabrer.com\/fr\/wp-json\/wp\/v2\/comments?post=2447"}],"version-history":[{"count":4,"href":"https:\/\/www.mielmoncabrer.com\/fr\/wp-json\/wp\/v2\/pages\/2447\/revisions"}],"predecessor-version":[{"id":2451,"href":"https:\/\/www.mielmoncabrer.com\/fr\/wp-json\/wp\/v2\/pages\/2447\/revisions\/2451"}],"wp:attachment":[{"href":"https:\/\/www.mielmoncabrer.com\/fr\/wp-json\/wp\/v2\/media?parent=2447"}],"curies":[{"name":"wp","href":"https:\/\/api.w.org\/{rel}","templated":true}]}}