{"id":2428,"date":"2022-10-06T11:54:56","date_gmt":"2022-10-06T11:54:56","guid":{"rendered":"https:\/\/www.mielmoncabrer.com\/?page_id=2428"},"modified":"2022-10-06T11:58:15","modified_gmt":"2022-10-06T11:58:15","slug":"marca-blanca-mdd","status":"publish","type":"page","link":"https:\/\/www.mielmoncabrer.com\/fr\/marca-blanca-mdd\/","title":{"rendered":"Marca Blanca \/ MDD"},"content":{"rendered":"<div class=\"wpb-content-wrapper\"><p>[vc_row][vc_column][vc_single_image image=&#8221;1812&#8243; img_size=&#8221;full&#8221; alignment=&#8221;center&#8221;][vc_column_text]<\/p>\n<h1 style=\"text-align: center;\"><strong>Marque Distributeur (MDD)<\/strong><\/h1>\n<p>[\/vc_column_text][\/vc_column][\/vc_row][vc_row][vc_column][vc_column_text]<\/p>\n<h3 style=\"text-align: center;\"><strong>Marque Distributeur (MDD)<\/strong><\/h3>\n<p><strong>Miel Moncabrer<\/strong> propose une <strong>production de miel de qualit\u00e9<\/strong> pour d&#8217;autres marques qui vendent du miel. La qualit\u00e9 que <strong>Miel Moncabrer<\/strong> accr\u00e9dite assure le succ\u00e8s de toute marque qui d\u00e9cide de commercialiser notre miel sous sa banni\u00e8re. Nous mettons \u00e0 votre disposition n&#8217;importe lequel de nos types de miel, cr\u00e9ant ainsi un genre unique et exclusif pour votre entreprise.<\/p>\n<p>Chez <strong>Miel Moncabrer<\/strong>, nous savons que les emballages de marque priv\u00e9e impliquent une fabrication sp\u00e9ciale, c&#8217;est pourquoi nous r\u00e9alisons un budget personnalis\u00e9 et une \u00e9bauche du design de l&#8217;\u00e9tiquette, en fonction de l&#8217;emballage choisi. De plus, nous prenons en compte les besoins et les demandes de nos clients, nous nous occupons donc de personnaliser la couleur, les ar\u00f4mes et bien s\u00fbr le type de fleur que vous d\u00e9cidez de choisir, cr\u00e9ant ainsi de nouveaux produits totalement uniques.[\/vc_column_text][\/vc_column][\/vc_row][vc_row full_width=&#8221;stretch_row_content_no_spaces&#8221;][vc_column][vc_empty_space height=&#8221;50px&#8221;]<div id=\"sc_call_to_action_1537331420\" class=\"sc_call_to_action sc_call_to_action_style_1 sc_call_to_action_align_center\" style=\"width:100%;\"><div class=\"sc_call_to_action_info\"><h2 class=\"sc_call_to_action_title sc_item_title\">Contactez-nous<\/h2><div class=\"sc_call_to_action_buttons sc_item_buttons\"><div class=\"sc_call_to_action_button sc_item_button\"><a href=\"\/fr\/contacto\" class=\"sc_button sc_button_square sc_button_style_filled sc_button_size_small  sc_button_iconed icon-right\">Contacter<\/a><\/div><\/div><\/div><\/div>[vc_empty_space][\/vc_column][\/vc_row][vc_row][vc_column width=&#8221;1\/2&#8243;][vc_single_image image=&#8221;1853&#8243; img_size=&#8221;full&#8221; alignment=&#8221;center&#8221;][\/vc_column][vc_column width=&#8221;1\/2&#8243;][vc_single_image image=&#8221;1856&#8243; img_size=&#8221;full&#8221; alignment=&#8221;center&#8221;][\/vc_column][\/vc_row]<\/p>\n<\/div>","protected":false},"excerpt":{"rendered":"<p>[vc_row][vc_column][vc_single_image image=&#8221;1812&#8243; img_size=&#8221;full&#8221; alignment=&#8221;center&#8221;][vc_column_text] Marque Distributeur (MDD) [\/vc_column_text][\/vc_column][\/vc_row][vc_row][vc_column][vc_column_text] Marque Distributeur (MDD) Miel Moncabrer propose une production de miel de qualit\u00e9 pour d&#8217;autres marques qui vendent du miel. La qualit\u00e9 que Miel Moncabrer accr\u00e9dite assure le succ\u00e8s de toute marque qui d\u00e9cide de commercialiser notre miel sous sa banni\u00e8re. Nous mettons \u00e0 votre disposition n&#8217;importe lequel [&hellip;]<\/p>\n","protected":false},"author":1,"featured_media":0,"parent":0,"menu_order":0,"comment_status":"closed","ping_status":"closed","template":"","meta":{"footnotes":""},"class_list":["post-2428","page","type-page","status-publish","hentry"],"_links":{"self":[{"href":"https:\/\/www.mielmoncabrer.com\/fr\/wp-json\/wp\/v2\/pages\/2428","targetHints":{"allow":["GET"]}}],"collection":[{"href":"https:\/\/www.mielmoncabrer.com\/fr\/wp-json\/wp\/v2\/pages"}],"about":[{"href":"https:\/\/www.mielmoncabrer.com\/fr\/wp-json\/wp\/v2\/types\/page"}],"author":[{"embeddable":true,"href":"https:\/\/www.mielmoncabrer.com\/fr\/wp-json\/wp\/v2\/users\/1"}],"replies":[{"embeddable":true,"href":"https:\/\/www.mielmoncabrer.com\/fr\/wp-json\/wp\/v2\/comments?post=2428"}],"version-history":[{"count":6,"href":"https:\/\/www.mielmoncabrer.com\/fr\/wp-json\/wp\/v2\/pages\/2428\/revisions"}],"predecessor-version":[{"id":2434,"href":"https:\/\/www.mielmoncabrer.com\/fr\/wp-json\/wp\/v2\/pages\/2428\/revisions\/2434"}],"wp:attachment":[{"href":"https:\/\/www.mielmoncabrer.com\/fr\/wp-json\/wp\/v2\/media?parent=2428"}],"curies":[{"name":"wp","href":"https:\/\/api.w.org\/{rel}","templated":true}]}}