{"id":1642,"date":"2018-09-03T11:46:20","date_gmt":"2018-09-03T11:46:20","guid":{"rendered":"https:\/\/www.mielmoncabrer.com\/contacto\/"},"modified":"2022-10-06T10:10:53","modified_gmt":"2022-10-06T10:10:53","slug":"contacto","status":"publish","type":"page","link":"https:\/\/www.mielmoncabrer.com\/fr\/contacto\/","title":{"rendered":"Contact"},"content":{"rendered":"<div class=\"wpb-content-wrapper\"><p>[vc_row full_width=&#8221;stretch_row_content_no_spaces&#8221;][vc_column][vc_gmaps link=&#8221;#E-8_JTNDaWZyYW1lJTIwc3JjJTNEJTIyaHR0cHMlM0ElMkYlMkZ3d3cuZ29vZ2xlLmNvbSUyRm1hcHMlMkZlbWJlZCUzRnBiJTNEJTIxMW0xOCUyMTFtMTIlMjExbTMlMjExZDc3OC4wODkwNzc3Nzk4ODc5JTIxMmQtMC40MjIzODExNzA3NTI3ODQ2NCUyMTNkMzguNzMyNTg1MDQ0ODg2NjklMjEybTMlMjExZjAlMjEyZjAlMjEzZjAlMjEzbTIlMjExaTEwMjQlMjEyaTc2OCUyMTRmMTMuMSUyMTNtMyUyMTFtMiUyMTFzMHhkNjE4OGQyNzM4YjU5MjclMjUzQTB4OGU2Nzk3ZGE0YzgzNGFhMiUyMTJzTWllbCUyQk1vbmNhYnJlciUyMTVlMCUyMTNtMiUyMTFzZXMlMjEyc2VzJTIxNHYxNTM2MDY5MTcwMzQxJTIyJTIwZnJhbWVib3JkZXIlM0QlMjIwJTIyJTIwaGVpZ2h0JTNEJTIyNDAwJTIyJTIwc3R5bGUlM0QlMjJib3JkZXIlM0EwJTIyJTIwYWxsb3dmdWxsc2NyZWVuJTNFJTNDJTJGaWZyYW1lJTNF&#8221; size=&#8221;400px&#8221;][\/vc_column][\/vc_row][vc_row][vc_column][vc_separator color=&#8221;white&#8221; css=&#8221;.vc_custom_1536055199862{margin-top: 50px !important;margin-bottom: 50px !important;}&#8221;][\/vc_column][\/vc_row][vc_row][vc_column]<h1 class=\"sc_title sc_title_regular sc_align_center\" style=\"text-align:center;\">Contactez-nous<\/h1>[\/vc_column][\/vc_row][vc_row][vc_column][vc_separator color=&#8221;white&#8221; css=&#8221;.vc_custom_1536055199862{margin-top: 50px !important;margin-bottom: 50px !important;}&#8221;][\/vc_column][\/vc_row][vc_row][vc_column width=&#8221;1\/3&#8243;]\n<div class=\"wpcf7 no-js\" id=\"wpcf7-f2378-o1\" lang=\"es-ES\" dir=\"ltr\" data-wpcf7-id=\"2378\">\n<div class=\"screen-reader-response\"><p role=\"status\" aria-live=\"polite\" aria-atomic=\"true\"><\/p> <ul><\/ul><\/div>\n<form action=\"\/fr\/wp-json\/wp\/v2\/pages\/1642#wpcf7-f2378-o1\" method=\"post\" class=\"wpcf7-form init\" aria-label=\"Contact form\" novalidate=\"novalidate\" data-status=\"init\">\n<div style=\"display: none;\">\n<input type=\"hidden\" name=\"_wpcf7\" value=\"2378\" \/>\n<input type=\"hidden\" name=\"_wpcf7_version\" value=\"6.0.2\" \/>\n<input type=\"hidden\" name=\"_wpcf7_locale\" value=\"es_ES\" \/>\n<input type=\"hidden\" name=\"_wpcf7_unit_tag\" value=\"wpcf7-f2378-o1\" \/>\n<input type=\"hidden\" name=\"_wpcf7_container_post\" value=\"0\" \/>\n<input type=\"hidden\" name=\"_wpcf7_posted_data_hash\" value=\"\" \/>\n<input type=\"hidden\" name=\"_wpcf7_recaptcha_response\" value=\"\" \/>\n<\/div>\n<label> Nom et Pr\u00e8nom *\n    <span class=\"wpcf7-form-control-wrap\" data-name=\"your-name\"><input size=\"40\" maxlength=\"400\" class=\"wpcf7-form-control wpcf7-text wpcf7-validates-as-required\" aria-required=\"true\" aria-invalid=\"false\" value=\"\" type=\"text\" name=\"your-name\" \/><\/span> <\/label>\n\n<label> Societ\u00e9\n    <span class=\"wpcf7-form-control-wrap\" data-name=\"your-business\"><input size=\"40\" maxlength=\"400\" class=\"wpcf7-form-control wpcf7-text\" aria-invalid=\"false\" value=\"\" type=\"text\" name=\"your-business\" \/><\/span> <\/label>\n\n<label> Votre adresse mail *\n    <span class=\"wpcf7-form-control-wrap\" data-name=\"your-email\"><input size=\"40\" maxlength=\"400\" class=\"wpcf7-form-control wpcf7-email wpcf7-validates-as-required wpcf7-text wpcf7-validates-as-email\" aria-required=\"true\" aria-invalid=\"false\" value=\"\" type=\"email\" name=\"your-email\" \/><\/span> <\/label>\n\n<label> Sujet de votre demande\n    <span class=\"wpcf7-form-control-wrap\" data-name=\"your-subject\"><input size=\"40\" maxlength=\"400\" class=\"wpcf7-form-control wpcf7-text\" aria-invalid=\"false\" value=\"\" type=\"text\" name=\"your-subject\" \/><\/span> <\/label>\n\n<label> Votre message\n    <span class=\"wpcf7-form-control-wrap\" data-name=\"your-message\"><textarea cols=\"40\" rows=\"10\" maxlength=\"2000\" class=\"wpcf7-form-control wpcf7-textarea\" aria-invalid=\"false\" name=\"your-message\"><\/textarea><\/span> <\/label>\n\n<span class=\"wpcf7-form-control-wrap\" data-name=\"acceptance-219\"><span class=\"wpcf7-form-control wpcf7-acceptance\"><span class=\"wpcf7-list-item\"><input type=\"checkbox\" name=\"acceptance-219\" value=\"1\" aria-invalid=\"false\" \/><\/span><\/span><\/span> J'accepte la <a href=\"\" target=\"new\" title=\"Pol\u00edtica de privacidad y protecci\u00f3n de datos\">politique de confidentialit\u00e9 et de protection des donn\u00e9es.<\/a>\n<p style=\"margin-top: -26px;text-align: justify;font-size: 10px;line-height: 12px;\">Les donn\u00e9es personnelles contenues dans la requ\u00eate seront trait\u00e9es par MIEL MONCABRER S.L. et int\u00e9gr\u00e9 \u00e0 l'activit\u00e9 de traitement CONTACTS, dont le but est de r\u00e9pondre \u00e0 vos demandes, p\u00e9titions ou requ\u00eates re\u00e7ues du Web, par courrier \u00e9lectronique ou par t\u00e9l\u00e9phone. R\u00e9pondez \u00e0 votre demande et faites un suivi par la suite. La l\u00e9gitimit\u00e9 du traitement est votre consentement. Vos donn\u00e9es ne seront pas c\u00e9d\u00e9es \u00e0 des tiers. Vous disposez d'un droit d'acc\u00e8s, de rectification et de suppression de vos donn\u00e9es, ainsi que d'autres droits comme expliqu\u00e9 dans notre politique de confidentialit\u00e9.<\/p>\n\n<input class=\"wpcf7-form-control wpcf7-submit has-spinner\" type=\"submit\" value=\"Envoyer\" \/>\n\n* Les champs obligatoires.<div class=\"wpcf7-response-output\" aria-hidden=\"true\"><\/div>\n<\/form>\n<\/div>\n[\/vc_column][vc_column width=&#8221;2\/3&#8243;][vc_single_image image=&#8221;1643&#8243; img_size=&#8221;large&#8221; alignment=&#8221;center&#8221;][vc_separator color=&#8221;white&#8221; css=&#8221;.vc_custom_1536055199862{margin-top: 50px !important;margin-bottom: 50px !important;}&#8221;][vc_column_text]<\/p>\n<p style=\"text-align: center;\">Miel Moncabrer, SL<br \/>\nCarretera Benilloba Km 5,4<br \/>\nApartado 117 &#8211; 03820 COCENTAINA<br \/>\n(Alicante) &#8211; Espa\u00f1a<br \/>\n<a href=\"tel:+34965590511\" target=\"new\">Tel: +34 9655 90 511<\/a> \/ Fax: +34 965 590 091<br \/>\nmiel@mielmoncabrer.com<\/p>\n<p>[\/vc_column_text][\/vc_column][\/vc_row]<\/p>\n<\/div>","protected":false},"excerpt":{"rendered":"<p>[vc_row full_width=&#8221;stretch_row_content_no_spaces&#8221;][vc_column][vc_gmaps link=&#8221;#E-8_JTNDaWZyYW1lJTIwc3JjJTNEJTIyaHR0cHMlM0ElMkYlMkZ3d3cuZ29vZ2xlLmNvbSUyRm1hcHMlMkZlbWJlZCUzRnBiJTNEJTIxMW0xOCUyMTFtMTIlMjExbTMlMjExZDc3OC4wODkwNzc3Nzk4ODc5JTIxMmQtMC40MjIzODExNzA3NTI3ODQ2NCUyMTNkMzguNzMyNTg1MDQ0ODg2NjklMjEybTMlMjExZjAlMjEyZjAlMjEzZjAlMjEzbTIlMjExaTEwMjQlMjEyaTc2OCUyMTRmMTMuMSUyMTNtMyUyMTFtMiUyMTFzMHhkNjE4OGQyNzM4YjU5MjclMjUzQTB4OGU2Nzk3ZGE0YzgzNGFhMiUyMTJzTWllbCUyQk1vbmNhYnJlciUyMTVlMCUyMTNtMiUyMTFzZXMlMjEyc2VzJTIxNHYxNTM2MDY5MTcwMzQxJTIyJTIwZnJhbWVib3JkZXIlM0QlMjIwJTIyJTIwaGVpZ2h0JTNEJTIyNDAwJTIyJTIwc3R5bGUlM0QlMjJib3JkZXIlM0EwJTIyJTIwYWxsb3dmdWxsc2NyZWVuJTNFJTNDJTJGaWZyYW1lJTNF&#8221; size=&#8221;400px&#8221;][\/vc_column][\/vc_row][vc_row][vc_column][vc_separator color=&#8221;white&#8221; css=&#8221;.vc_custom_1536055199862{margin-top: 50px !important;margin-bottom: 50px !important;}&#8221;][\/vc_column][\/vc_row][vc_row][vc_column][\/vc_column][\/vc_row][vc_row][vc_column][vc_separator color=&#8221;white&#8221; css=&#8221;.vc_custom_1536055199862{margin-top: 50px !important;margin-bottom: 50px !important;}&#8221;][\/vc_column][\/vc_row][vc_row][vc_column width=&#8221;1\/3&#8243;][\/vc_column][vc_column width=&#8221;2\/3&#8243;][vc_single_image image=&#8221;1643&#8243; img_size=&#8221;large&#8221; alignment=&#8221;center&#8221;][vc_separator color=&#8221;white&#8221; css=&#8221;.vc_custom_1536055199862{margin-top: 50px !important;margin-bottom: 50px !important;}&#8221;][vc_column_text] Miel Moncabrer, SL Carretera Benilloba Km 5,4 Apartado 117 &#8211; 03820 COCENTAINA (Alicante) &#8211; Espa\u00f1a Tel: +34 9655 90 511 \/ Fax: +34 965 590 091 miel@mielmoncabrer.com [\/vc_column_text][\/vc_column][\/vc_row]<\/p>\n","protected":false},"author":1,"featured_media":0,"parent":0,"menu_order":0,"comment_status":"closed","ping_status":"closed","template":"","meta":{"footnotes":""},"class_list":["post-1642","page","type-page","status-publish","hentry"],"_links":{"self":[{"href":"https:\/\/www.mielmoncabrer.com\/fr\/wp-json\/wp\/v2\/pages\/1642","targetHints":{"allow":["GET"]}}],"collection":[{"href":"https:\/\/www.mielmoncabrer.com\/fr\/wp-json\/wp\/v2\/pages"}],"about":[{"href":"https:\/\/www.mielmoncabrer.com\/fr\/wp-json\/wp\/v2\/types\/page"}],"author":[{"embeddable":true,"href":"https:\/\/www.mielmoncabrer.com\/fr\/wp-json\/wp\/v2\/users\/1"}],"replies":[{"embeddable":true,"href":"https:\/\/www.mielmoncabrer.com\/fr\/wp-json\/wp\/v2\/comments?post=1642"}],"version-history":[{"count":3,"href":"https:\/\/www.mielmoncabrer.com\/fr\/wp-json\/wp\/v2\/pages\/1642\/revisions"}],"predecessor-version":[{"id":2386,"href":"https:\/\/www.mielmoncabrer.com\/fr\/wp-json\/wp\/v2\/pages\/1642\/revisions\/2386"}],"wp:attachment":[{"href":"https:\/\/www.mielmoncabrer.com\/fr\/wp-json\/wp\/v2\/media?parent=1642"}],"curies":[{"name":"wp","href":"https:\/\/api.w.org\/{rel}","templated":true}]}}