{"id":1609,"date":"2018-07-31T15:41:47","date_gmt":"2018-07-31T15:41:47","guid":{"rendered":"https:\/\/www.mielmoncabrer.com\/?page_id=1609"},"modified":"2022-10-06T11:40:58","modified_gmt":"2022-10-06T11:40:58","slug":"inicio","status":"publish","type":"page","link":"https:\/\/www.mielmoncabrer.com\/fr\/","title":{"rendered":"Inicio"},"content":{"rendered":"<div class=\"wpb-content-wrapper\"><p>[vc_row full_width=&#8221;stretch_row&#8221; parallax=&#8221;content-moving&#8221; parallax_speed_bg=&#8221;&#8221; inverse=&#8221;&#8221;][vc_column][vc_separator color=&#8221;white&#8221; css=&#8221;.vc_custom_1540373186395{margin-top: 20px !important;margin-bottom: 20px !important;}&#8221;][\/vc_column][\/vc_row][vc_row full_width=&#8221;stretch_row&#8221; parallax=&#8221;content-moving&#8221; parallax_image=&#8221;1337&#8243; parallax_speed_bg=&#8221;2.5&#8243; inverse=&#8221;&#8221; css=&#8221;.vc_custom_1537458971313{margin-bottom: 50px !important;padding-top: 150px !important;padding-bottom: 150px !important;}&#8221;][vc_column][\/vc_column][\/vc_row][vc_row full_width=&#8221;stretch_row&#8221; parallax=&#8221;content-moving&#8221; parallax_speed_bg=&#8221;&#8221; inverse=&#8221;&#8221;][vc_column][vc_separator color=&#8221;white&#8221; css=&#8221;.vc_custom_1540373186395{margin-top: 20px !important;margin-bottom: 20px !important;}&#8221;][\/vc_column][\/vc_row][vc_row][vc_column width=&#8221;1\/4&#8243;][vc_single_image image=&#8221;1735&#8243; img_size=&#8221;full&#8221; alignment=&#8221;center&#8221;][vc_column_text]<\/p>\n<h4 style=\"text-align: center;\"><a href=\"\/fr\/nuestras-marcas\/\">Nos marques<\/a><\/h4>\n<p>[\/vc_column_text][vc_separator color=&#8221;custom&#8221; accent_color=&#8221;#f8b742&#8243;][vc_separator color=&#8221;custom&#8221; accent_color=&#8221;#f8b742&#8243;][vc_empty_space height=&#8221;10px&#8221;][vc_column_text]<\/p>\n<div class=\"column dt-sc-one-fourth first\">\n<p style=\"text-align: center;\">Notre volont\u00e9 de pr\u00e9server la tradition a rendu nos marques incontournables sur les march\u00e9s mondiaux. Avant tout, une production \u00e0 la fois innovante et traditionnelle qui nous permet de proposer un miel qui se distingue par sa qualit\u00e9 et sa vari\u00e9t\u00e9.<\/p>\n<div class=\"dt-sc-clear\"><\/div>\n<\/div>\n<div class=\"column dt-sc-one-fourth \">\n<div><\/div>\n<\/div>\n<p>[\/vc_column_text][\/vc_column][vc_column width=&#8221;1\/4&#8243;][vc_single_image image=&#8221;1727&#8243; img_size=&#8221;full&#8221; alignment=&#8221;center&#8221;][vc_column_text]<\/p>\n<h4 style=\"text-align: center;\"><a href=\"\/fr\/marca-blanca-mdd\/\">Marque distributeur (MDD)<\/a><\/h4>\n<p>[\/vc_column_text][vc_separator color=&#8221;custom&#8221; accent_color=&#8221;#f8b742&#8243;][vc_separator color=&#8221;custom&#8221; accent_color=&#8221;#f8b742&#8243;][vc_empty_space height=&#8221;10px&#8221;][vc_column_text]<\/p>\n<p style=\"text-align: center;\">MIEL MONCABRER propose des programmes complets \u00e0 marque de distributeur ou MDD, tant pour le march\u00e9 de la grande distribution que pour la restauration. Par cons\u00e9quent, nous travaillons en \u00e9troite collaboration avec le client. En conclusion, offrir des solutions compl\u00e8tes dans le d\u00e9veloppement de votre propre marque.<\/p>\n<p>[\/vc_column_text][\/vc_column][vc_column width=&#8221;1\/4&#8243;][vc_single_image image=&#8221;1721&#8243; img_size=&#8221;full&#8221; alignment=&#8221;center&#8221;][vc_column_text]<\/p>\n<h4 style=\"text-align: center;\"><a href=\"\/fr\/horeca\/\">HORECA<\/a><\/h4>\n<p>[\/vc_column_text][vc_separator color=&#8221;custom&#8221; accent_color=&#8221;#f8b742&#8243;][vc_separator color=&#8221;custom&#8221; accent_color=&#8221;#f8b742&#8243;][vc_empty_space height=&#8221;10px&#8221;][vc_column_text]<\/p>\n<p style=\"text-align: center;\">Chez MIEL MONCABRER, nous disposons d&#8217;une large gamme de formats con\u00e7us sp\u00e9cialement pour la ligne HORECA (h\u00f4tellerie, restauration et restauration). Des formats con\u00e7us pour le plus grand confort du client de l&#8217;h\u00f4tellerie. De ce fait, l&#8217;ensemble de notre gamme repr\u00e9sente une garantie totale de la qualit\u00e9 du produit conditionn\u00e9, pour apporter la plus grande satisfaction \u00e0 votre client.<\/p>\n<p>[\/vc_column_text][\/vc_column][vc_column width=&#8221;1\/4&#8243;][vc_single_image image=&#8221;1724&#8243; img_size=&#8221;full&#8221; alignment=&#8221;center&#8221;][vc_column_text]<\/p>\n<h4 style=\"text-align: center;\"><a href=\"\/fr\/industria-alimentaria\/\">Industrie Alimentaire<\/a><\/h4>\n<p>[\/vc_column_text][vc_separator color=&#8221;custom&#8221; accent_color=&#8221;#f8b742&#8243;][vc_separator color=&#8221;custom&#8221; accent_color=&#8221;#f8b742&#8243;][vc_empty_space height=&#8221;10px&#8221;][vc_column_text]<\/p>\n<p style=\"text-align: center;\">MIEL MONCABRER propose des programmes complets pour l&#8217;industrie alimentaire, bas\u00e9s sur un prix comp\u00e9titif, une qualit\u00e9 sans pr\u00e9c\u00e9dent, un service responsable et un approvisionnement garanti tout au long de l&#8217;ann\u00e9e. De plus, nous offrons le meilleur miel en vrac pour les autres emballeurs.<\/p>\n<p>[\/vc_column_text][\/vc_column][\/vc_row][vc_row full_width=&#8221;stretch_row&#8221; parallax=&#8221;content-moving&#8221; parallax_speed_bg=&#8221;&#8221; inverse=&#8221;&#8221;][vc_column][vc_separator color=&#8221;white&#8221; css=&#8221;.vc_custom_1540373186395{margin-top: 20px !important;margin-bottom: 20px !important;}&#8221;][\/vc_column][\/vc_row][vc_row full_width=&#8221;stretch_row&#8221; inverse=&#8221;&#8221; css=&#8221;.vc_custom_1539774255724{margin-top: 60px !important;padding-top: 25px !important;padding-bottom: 50px !important;background-color: #f8b742 !important;}&#8221;][vc_column][vc_column_text][\/vc_column_text][\/vc_column][\/vc_row][vc_row css=&#8221;.vc_custom_1537800326448{margin-top: 50px !important;}&#8221;][vc_column css=&#8221;.vc_custom_1537800568104{margin-top: 50px !important;}&#8221;]<div id=\"sc_blogger_2022819402\" class=\"sc_blogger layout_masonry_3 template_masonry  sc_blogger_horizontal no_description\"><div class=\"isotope_wrap\" data-columns=\"3\"><\/div><\/div>[\/vc_column][\/vc_row][vc_row content_placement=&#8221;middle&#8221; disable_element=&#8221;yes&#8221;][vc_column width=&#8221;1\/2&#8243;][vc_single_image image=&#8221;2105&#8243; img_size=&#8221;300&#215;200&#8243; alignment=&#8221;right&#8221; css_animation=&#8221;fadeInLeft&#8221;][\/vc_column][vc_column width=&#8221;1\/2&#8243;][vc_single_image image=&#8221;2099&#8243; img_size=&#8221;300&#215;200&#8243; css_animation=&#8221;fadeInRight&#8221;][\/vc_column][\/vc_row][vc_row css_animation=&#8221;fadeIn&#8221;][vc_column width=&#8221;1\/2&#8243;][vc_raw_html]JTNDZGl2JTIwc3R5bGUlM0QlMjJ0ZXh0LWFsaWduJTNBJTIwcmlnaHQlM0IlMjIlM0UlMEElM0NpbWclMjBzcmMlM0QlMjJodHRwcyUzQSUyRiUyRnd3dy5taWVsbW9uY2FicmVyLmNvbSUyRndwLWNvbnRlbnQlMkZ1cGxvYWRzJTJGMjAyMSUyRjA0JTJGbG9nby1GRURFUi5qcGclMjIlMjBhbHQlM0QlMjJHaXJsJTIwaW4lMjBhJTIwamFja2V0JTIyJTIwd2lkdGglM0QlMjIxMjBweCUyMiUzRSUwQSUzQyUyRmRpdiUzRQ==[\/vc_raw_html][\/vc_column][vc_column width=&#8221;1\/2&#8243;][vc_raw_html]JTNDaW1nJTIwc3JjJTNEJTIyaHR0cHMlM0ElMkYlMkZ3d3cubWllbG1vbmNhYnJlci5jb20lMkZ3cC1jb250ZW50JTJGdXBsb2FkcyUyRjIwMjElMkYwNCUyRkRpcHV0YWNpb25fQWxpY2FudGVfbG9nby5wbmclMjIlMjBhbHQlM0QlMjJHaXJsJTIwaW4lMjBhJTIwamFja2V0JTIyJTIwd2lkdGglM0QlMjI4NHB4JTIyJTNF[\/vc_raw_html][\/vc_column][\/vc_row][vc_row][vc_column][vc_column_text css_animation=&#8221;fadeInRight&#8221;]<\/p>\n<p style=\"text-align: center;\">MIEL MONCABRER ha sido beneficiaria del Fondo Europeo de Desarrollo Regional cuyo objetivo es Potenciar la investigaci\u00f3n, el desarrollo tecnol\u00f3gico y la innovaci\u00f3n, y gracias al que ha realizado un proyecto de IMPLANTACI\u00d3N DE LA NORMA IFS FOOD V.7.0 para apoyar la creaci\u00f3n y consolidaci\u00f3n de empresas innovadoras.\u00a0 Para ello ha contado con el apoyo del Programa InnoC\u00e1maras 2020 de la C\u00e1mara de Comercio de Alicante y Diputaci\u00f3n Provincial de Alicante.&#8221;<\/p>\n<p>[\/vc_column_text][\/vc_column][\/vc_row]<\/p>\n<\/div>","protected":false},"excerpt":{"rendered":"<p>[vc_row full_width=&#8221;stretch_row&#8221; parallax=&#8221;content-moving&#8221; parallax_speed_bg=&#8221;&#8221; inverse=&#8221;&#8221;][vc_column][vc_separator color=&#8221;white&#8221; css=&#8221;.vc_custom_1540373186395{margin-top: 20px !important;margin-bottom: 20px !important;}&#8221;][\/vc_column][\/vc_row][vc_row full_width=&#8221;stretch_row&#8221; parallax=&#8221;content-moving&#8221; parallax_image=&#8221;1337&#8243; parallax_speed_bg=&#8221;2.5&#8243; inverse=&#8221;&#8221; css=&#8221;.vc_custom_1537458971313{margin-bottom: 50px !important;padding-top: 150px !important;padding-bottom: 150px !important;}&#8221;][vc_column][\/vc_column][\/vc_row][vc_row full_width=&#8221;stretch_row&#8221; parallax=&#8221;content-moving&#8221; parallax_speed_bg=&#8221;&#8221; inverse=&#8221;&#8221;][vc_column][vc_separator color=&#8221;white&#8221; css=&#8221;.vc_custom_1540373186395{margin-top: 20px !important;margin-bottom: 20px !important;}&#8221;][\/vc_column][\/vc_row][vc_row][vc_column width=&#8221;1\/4&#8243;][vc_single_image image=&#8221;1735&#8243; img_size=&#8221;full&#8221; alignment=&#8221;center&#8221;][vc_column_text] Nos marques [\/vc_column_text][vc_separator color=&#8221;custom&#8221; accent_color=&#8221;#f8b742&#8243;][vc_separator color=&#8221;custom&#8221; accent_color=&#8221;#f8b742&#8243;][vc_empty_space height=&#8221;10px&#8221;][vc_column_text] Notre volont\u00e9 de pr\u00e9server la tradition a rendu nos marques [&hellip;]<\/p>\n","protected":false},"author":1,"featured_media":0,"parent":0,"menu_order":0,"comment_status":"closed","ping_status":"open","template":"","meta":{"footnotes":""},"class_list":["post-1609","page","type-page","status-publish","hentry"],"_links":{"self":[{"href":"https:\/\/www.mielmoncabrer.com\/fr\/wp-json\/wp\/v2\/pages\/1609","targetHints":{"allow":["GET"]}}],"collection":[{"href":"https:\/\/www.mielmoncabrer.com\/fr\/wp-json\/wp\/v2\/pages"}],"about":[{"href":"https:\/\/www.mielmoncabrer.com\/fr\/wp-json\/wp\/v2\/types\/page"}],"author":[{"embeddable":true,"href":"https:\/\/www.mielmoncabrer.com\/fr\/wp-json\/wp\/v2\/users\/1"}],"replies":[{"embeddable":true,"href":"https:\/\/www.mielmoncabrer.com\/fr\/wp-json\/wp\/v2\/comments?post=1609"}],"version-history":[{"count":9,"href":"https:\/\/www.mielmoncabrer.com\/fr\/wp-json\/wp\/v2\/pages\/1609\/revisions"}],"predecessor-version":[{"id":2422,"href":"https:\/\/www.mielmoncabrer.com\/fr\/wp-json\/wp\/v2\/pages\/1609\/revisions\/2422"}],"wp:attachment":[{"href":"https:\/\/www.mielmoncabrer.com\/fr\/wp-json\/wp\/v2\/media?parent=1609"}],"curies":[{"name":"wp","href":"https:\/\/api.w.org\/{rel}","templated":true}]}}