{"id":1450,"date":"2018-09-24T08:48:28","date_gmt":"2018-09-24T08:48:28","guid":{"rendered":"https:\/\/www.mielmoncabrer.com\/?post_type=product&#038;p=1450"},"modified":"2025-02-21T11:19:05","modified_gmt":"2025-02-21T11:19:05","slug":"miel-cruda-de-lavanda-1-kg-4-u","status":"publish","type":"product","link":"https:\/\/www.mielmoncabrer.com\/en\/producto\/miel-cruda-de-lavanda-1-kg-4-u\/","title":{"rendered":"Miel Cruda de Lavanda 975 gr.<br\/>Caja de 4 uds."},"content":{"rendered":"<p>Nuestras mieles crudas son un producto natural elaborado de forma artesanal desde que la abeja transporta el n\u00e9ctar de la flor a su colmena y el apicultor la cosecha, hasta su envasado y etiquetado final, evitando proceso alguno de calor que pueda provocar la p\u00e9rdida de sus propiedades arom\u00e1ticas y gustativas, convirti\u00e9ndola en una miel de cremosa textura que satisfar\u00e1 los paladares m\u00e1s exigentes.<\/p>\n<p>El resultado es una miel de cuidada selecci\u00f3n, envasada en un elegante y discreto envase hexagonal que nos recuerda a las celdas de los panales de las abejas.<\/p>\n<p>La miel cruda de espliego es una miel que va desde el \u00e1mbar blanquecino al \u00e1mbar m\u00e1s oscuro.<\/p>\n<p>Una miel arom\u00e1tica y floral que nos recuerda al intenso y persistente aroma a lavanda, en el que se entremexclan los sabores dulces y \u00e1cidos con ligeras notas saladas, convirti\u00e9ndose as\u00ed en una miel de excitantes mezclas para nuestro paladar.<\/p>\n<p>Esta arom\u00e1tica miel se convierte en excelente edulcorante natural para infusiones o bebidas calientes.<\/p>\n<p>La Miel Cruda Moncabrer de Espliego es una miel 100% nacional cosechada durante la primavera tard\u00eda y el verano, en el sur y noreste de la Pen\u00ednsula.<\/p>\n","protected":false},"excerpt":{"rendered":"<p>La unidad sale a 8,10 \u20ac<\/p>\n","protected":false},"featured_media":1137,"template":"","meta":[],"product_cat":[22],"product_tag":[],"class_list":{"0":"post-1450","1":"product","2":"type-product","3":"status-publish","4":"has-post-thumbnail","6":"product_cat-miel-cruda-moncabrer","8":"first","9":"outofstock","10":"taxable","11":"shipping-taxable","12":"purchasable","13":"product-type-simple"},"_links":{"self":[{"href":"https:\/\/www.mielmoncabrer.com\/en\/wp-json\/wp\/v2\/product\/1450","targetHints":{"allow":["GET"]}}],"collection":[{"href":"https:\/\/www.mielmoncabrer.com\/en\/wp-json\/wp\/v2\/product"}],"about":[{"href":"https:\/\/www.mielmoncabrer.com\/en\/wp-json\/wp\/v2\/types\/product"}],"wp:featuredmedia":[{"embeddable":true,"href":"https:\/\/www.mielmoncabrer.com\/en\/wp-json\/wp\/v2\/media\/1137"}],"wp:attachment":[{"href":"https:\/\/www.mielmoncabrer.com\/en\/wp-json\/wp\/v2\/media?parent=1450"}],"wp:term":[{"taxonomy":"product_cat","embeddable":true,"href":"https:\/\/www.mielmoncabrer.com\/en\/wp-json\/wp\/v2\/product_cat?post=1450"},{"taxonomy":"product_tag","embeddable":true,"href":"https:\/\/www.mielmoncabrer.com\/en\/wp-json\/wp\/v2\/product_tag?post=1450"}],"curies":[{"name":"wp","href":"https:\/\/api.w.org\/{rel}","templated":true}]}}