{"id":1382,"date":"2018-09-21T12:57:00","date_gmt":"2018-09-21T12:57:00","guid":{"rendered":"https:\/\/www.mielmoncabrer.com\/?post_type=product&#038;p=1382"},"modified":"2024-10-31T12:26:42","modified_gmt":"2024-10-31T12:26:42","slug":"polen-400-gr","status":"publish","type":"product","link":"https:\/\/www.mielmoncabrer.com\/en\/producto\/polen-400-gr\/","title":{"rendered":"Polen 400 gr."},"content":{"rendered":"<p>El polen \u00a0es un producto natural que se halla en las antenas de las flores y que las abejas transforman al a\u00f1adir n\u00e9ctar y sustancias propias, convirti\u00e9ndolo en un excelente complemento alimenticio.<\/p>\n<p>El polen se caracteriza por reunir todos los amino\u00e1cidos esenciales para el organismo humano, as\u00ed como diez tipos distintos de vitaminas y cinco minerales imprescindibles para el correcto funcionamiento de nuestro organismo.<\/p>\n","protected":false},"excerpt":{"rendered":"<p>Si adquieres el <a href=\"\/producto\/polen-400-gr-6u\">pack<\/a>\u00a0de 6 unidades la unidad sale a 3,90 \u20ac<\/p>\n","protected":false},"featured_media":2299,"template":"","meta":[],"product_cat":[37],"product_tag":[],"class_list":{"0":"post-1382","1":"product","2":"type-product","3":"status-publish","4":"has-post-thumbnail","6":"product_cat-productos-dieteticos","8":"first","9":"outofstock","10":"featured","11":"taxable","12":"shipping-taxable","13":"purchasable","14":"product-type-simple"},"_links":{"self":[{"href":"https:\/\/www.mielmoncabrer.com\/en\/wp-json\/wp\/v2\/product\/1382","targetHints":{"allow":["GET"]}}],"collection":[{"href":"https:\/\/www.mielmoncabrer.com\/en\/wp-json\/wp\/v2\/product"}],"about":[{"href":"https:\/\/www.mielmoncabrer.com\/en\/wp-json\/wp\/v2\/types\/product"}],"wp:featuredmedia":[{"embeddable":true,"href":"https:\/\/www.mielmoncabrer.com\/en\/wp-json\/wp\/v2\/media\/2299"}],"wp:attachment":[{"href":"https:\/\/www.mielmoncabrer.com\/en\/wp-json\/wp\/v2\/media?parent=1382"}],"wp:term":[{"taxonomy":"product_cat","embeddable":true,"href":"https:\/\/www.mielmoncabrer.com\/en\/wp-json\/wp\/v2\/product_cat?post=1382"},{"taxonomy":"product_tag","embeddable":true,"href":"https:\/\/www.mielmoncabrer.com\/en\/wp-json\/wp\/v2\/product_tag?post=1382"}],"curies":[{"name":"wp","href":"https:\/\/api.w.org\/{rel}","templated":true}]}}